{"id":608,"date":"2023-05-19T09:46:23","date_gmt":"2023-05-19T12:46:23","guid":{"rendered":"https:\/\/depex.com.uy\/?post_type=product&#038;p=608"},"modified":"2025-02-18T16:12:36","modified_gmt":"2025-02-18T19:12:36","slug":"porta-cepillo-de-dientes-ou-dental-up-verde","status":"publish","type":"product","link":"https:\/\/depex.com.uy\/?product=porta-cepillo-de-dientes-ou-dental-up-verde","title":{"rendered":"Porta Cepillo de Dientes OU \u00abDental UP\u00bb (Verde)"},"content":{"rendered":"<p><strong data-redactor-tag=\"strong\">Porta Cepillo de Dientes OU \u00abDental UP\u00bb<br \/>\n<\/strong><\/p>\n<p><strong data-redactor-tag=\"strong\">Caracter\u00edsticas:<\/strong><\/p>\n<p>El portacepillos de dientes UP Dental es perfecto para ayudar con la higiene personal en el d\u00eda a d\u00eda. F\u00e1cil de transportar, ll\u00e9valo siempre contigo a cualquier lugar como el trabajo, el gimnasio y de viaje de una manera sencilla y pr\u00e1ctica. La l\u00ednea fue desarrollada priorizando la practicidad en tu d\u00eda a d\u00eda y el cuidado de la higiene, por eso, cuenta con salidas de aire para evitar la humedad y cierre de seguridad para mantener tu cepillo y pasta dental protegidos. Adem\u00e1s de tener un asa para su f\u00e1cil transporte. El dental up est\u00e1 hecho de pl\u00e1stico no t\u00f3xico (polipropileno) y tiene esquinas redondeadas para facilitar la limpieza. En el trabajo o mientras viaja, dental up es su aliado perfecto para ayudarlo en varios momentos del d\u00eda.<\/p>\n<p><strong data-redactor-tag=\"strong\">Dimensiones:\u00a0<\/strong>45x65x220mm<\/p>\n","protected":false},"excerpt":{"rendered":"<p>Porta Cepillo de Dientes OU \u00abDental UP\u00bb Caracter\u00edsticas: El portacepillos de dientes UP Dental es perfecto para ayudar con la higiene personal en el d\u00eda a d\u00eda. F\u00e1cil de transportar, ll\u00e9valo siempre contigo a cualquier lugar como el trabajo, el gimnasio y de viaje de una manera sencilla y pr\u00e1ctica. La l\u00ednea fue desarrollada priorizando [&#8230;]\n","protected":false},"featured_media":609,"template":"","meta":[],"product_brand":[63],"product_cat":[21,26,38],"product_tag":[39,41,32,40,42],"class_list":{"0":"post-608","1":"product","2":"type-product","3":"status-publish","4":"has-post-thumbnail","6":"product_brand-ou","7":"product_cat-bano","8":"product_cat-ou","9":"product_cat-uso-personal","10":"product_tag-bano","11":"product_tag-diente","12":"product_tag-ou","13":"product_tag-porta-cepillo","14":"product_tag-uso-personal","16":"first","17":"instock","18":"taxable","19":"shipping-taxable","20":"purchasable","21":"product-type-simple"},"jetpack-related-posts":[],"jetpack_sharing_enabled":true,"_links":{"self":[{"href":"https:\/\/depex.com.uy\/index.php?rest_route=\/wp\/v2\/product\/608","targetHints":{"allow":["GET"]}}],"collection":[{"href":"https:\/\/depex.com.uy\/index.php?rest_route=\/wp\/v2\/product"}],"about":[{"href":"https:\/\/depex.com.uy\/index.php?rest_route=\/wp\/v2\/types\/product"}],"wp:featuredmedia":[{"embeddable":true,"href":"https:\/\/depex.com.uy\/index.php?rest_route=\/wp\/v2\/media\/609"}],"wp:attachment":[{"href":"https:\/\/depex.com.uy\/index.php?rest_route=%2Fwp%2Fv2%2Fmedia&parent=608"}],"wp:term":[{"taxonomy":"product_brand","embeddable":true,"href":"https:\/\/depex.com.uy\/index.php?rest_route=%2Fwp%2Fv2%2Fproduct_brand&post=608"},{"taxonomy":"product_cat","embeddable":true,"href":"https:\/\/depex.com.uy\/index.php?rest_route=%2Fwp%2Fv2%2Fproduct_cat&post=608"},{"taxonomy":"product_tag","embeddable":true,"href":"https:\/\/depex.com.uy\/index.php?rest_route=%2Fwp%2Fv2%2Fproduct_tag&post=608"}],"curies":[{"name":"wp","href":"https:\/\/api.w.org\/{rel}","templated":true}]}}