{"id":632,"date":"2023-05-19T15:48:27","date_gmt":"2023-05-19T18:48:27","guid":{"rendered":"https:\/\/depex.com.uy\/?post_type=product&#038;p=632"},"modified":"2025-02-18T16:12:37","modified_gmt":"2025-02-18T19:12:37","slug":"basurero-con-pedal-12-litros-ou-trium-negro","status":"publish","type":"product","link":"https:\/\/depex.com.uy\/?product=basurero-con-pedal-12-litros-ou-trium-negro","title":{"rendered":"Basurero 12 litros con Pedal OU \u00abTrium\u00bb (Negro)"},"content":{"rendered":"<p><strong data-redactor-tag=\"strong\">Basurero con Pedal 12 litros OU \u00abTrium\u00bb<span class=\"redactor-invisible-space\">\u200b<\/span><\/strong><\/p>\n<p><iframe src=\"https:\/\/player.vimeo.com\/video\/688135258\" frameborder=\"0\" allowfullscreen=\"allowfullscreen\" data-mce-fragment=\"1\"><\/iframe><\/p>\n<p><strong data-redactor-tag=\"strong\">Descripci\u00f3n:<\/strong><\/p>\n<p>Promover un ambiente limpio, organizado y perfumado es el secreto de una sensaci\u00f3n de satisfacci\u00f3n y bienestar. Por ello, es fundamental que siempre tengamos cerca un basurero que favorezca la higiene, la organizaci\u00f3n y la belleza. Con un dise\u00f1o contempor\u00e1neo, moderno y minimalista, los basureros con pedal Trium fueron desarrollados para resolver los problemas cotidianos con m\u00e1s practicidad y sostenibilidad. Su capacidad de 12 litros es ideal para diferentes ambientes en el hogar o la oficina. Adem\u00e1s, tiene una tapa especial que no deja la bolsa de basura expuesta en el exterior de la basura, y un anillo de sujeci\u00f3n que brinda m\u00e1s seguridad al colocar la bolsa de basura, aportando m\u00e1s sofisticaci\u00f3n al evitar que la bolsa sea visible. Fabricado con material de alta calidad y acabado mate, el basurero garantiza la estabilidad y resistencia necesarias para el d\u00eda a d\u00eda. Ligeras, pr\u00e1cticas de transportar y f\u00e1ciles de limpiar, las Papeleras Trium son perfectas para organizar diferentes tipos de ambientes.<\/p>\n<div><strong data-redactor-tag=\"strong\">Cuidado:<\/strong><\/div>\n<div>Se sugiere higienizar con jab\u00f3n neutro y esponja suave, evitando productos abrasivos en el proceso de limpieza.<\/div>\n<div><strong data-redactor-tag=\"strong\">Alto:<\/strong>\u00a033,5 cm<\/div>\n<div><strong data-redactor-tag=\"strong\">Ancho:<\/strong>\u00a022,6 cm<\/div>\n<div><strong data-redactor-tag=\"strong\">Profundidad:<\/strong>\u00a025,8 cm<\/div>\n<div><strong data-redactor-tag=\"strong\">Peso:<\/strong>\u00a0740g<\/div>\n","protected":false},"excerpt":{"rendered":"<p>Basurero con Pedal 12 litros OU \u00abTrium\u00bb\u200b Descripci\u00f3n: Promover un ambiente limpio, organizado y perfumado es el secreto de una sensaci\u00f3n de satisfacci\u00f3n y bienestar. Por ello, es fundamental que siempre tengamos cerca un basurero que favorezca la higiene, la organizaci\u00f3n y la belleza. Con un dise\u00f1o contempor\u00e1neo, moderno y minimalista, los basureros con pedal [&#8230;]\n","protected":false},"featured_media":633,"template":"","meta":[],"product_brand":[63],"product_cat":[35,26],"product_tag":[36,37,32],"class_list":{"0":"post-632","1":"product","2":"type-product","3":"status-publish","4":"has-post-thumbnail","6":"product_brand-ou","7":"product_cat-basureros","8":"product_cat-ou","9":"product_tag-basurero","10":"product_tag-organizacion","11":"product_tag-ou","13":"first","14":"instock","15":"taxable","16":"shipping-taxable","17":"purchasable","18":"product-type-simple"},"jetpack-related-posts":[],"jetpack_sharing_enabled":true,"_links":{"self":[{"href":"https:\/\/depex.com.uy\/index.php?rest_route=\/wp\/v2\/product\/632","targetHints":{"allow":["GET"]}}],"collection":[{"href":"https:\/\/depex.com.uy\/index.php?rest_route=\/wp\/v2\/product"}],"about":[{"href":"https:\/\/depex.com.uy\/index.php?rest_route=\/wp\/v2\/types\/product"}],"wp:featuredmedia":[{"embeddable":true,"href":"https:\/\/depex.com.uy\/index.php?rest_route=\/wp\/v2\/media\/633"}],"wp:attachment":[{"href":"https:\/\/depex.com.uy\/index.php?rest_route=%2Fwp%2Fv2%2Fmedia&parent=632"}],"wp:term":[{"taxonomy":"product_brand","embeddable":true,"href":"https:\/\/depex.com.uy\/index.php?rest_route=%2Fwp%2Fv2%2Fproduct_brand&post=632"},{"taxonomy":"product_cat","embeddable":true,"href":"https:\/\/depex.com.uy\/index.php?rest_route=%2Fwp%2Fv2%2Fproduct_cat&post=632"},{"taxonomy":"product_tag","embeddable":true,"href":"https:\/\/depex.com.uy\/index.php?rest_route=%2Fwp%2Fv2%2Fproduct_tag&post=632"}],"curies":[{"name":"wp","href":"https:\/\/api.w.org\/{rel}","templated":true}]}}