{"id":648,"date":"2023-05-22T12:56:24","date_gmt":"2023-05-22T15:56:24","guid":{"rendered":"https:\/\/depex.com.uy\/?post_type=product&#038;p=648"},"modified":"2025-02-18T16:12:37","modified_gmt":"2025-02-18T19:12:37","slug":"basurero-con-pedal-1010-litros-ou-trium-blanco","status":"publish","type":"product","link":"https:\/\/depex.com.uy\/?product=basurero-con-pedal-1010-litros-ou-trium-blanco","title":{"rendered":"Basurero 10+10 litros con Pedal OU \u00abTrium\u00bb (Blanco)"},"content":{"rendered":"<p><strong data-redactor-tag=\"strong\">Basurero con Pedal 10+10 litros OU \u00abTrium\u00bb<span class=\"redactor-invisible-space\">\u200b<\/span><\/strong><\/p>\n<p><iframe src=\"https:\/\/player.vimeo.com\/video\/688135258\" frameborder=\"0\" allowfullscreen=\"allowfullscreen\" data-mce-fragment=\"1\"><\/iframe><\/p>\n<p><strong data-redactor-tag=\"strong\">Descripci\u00f3n:<\/strong><\/p>\n<p>Promover un ambiente limpio, organizado y con olor es el secreto para una sensaci\u00f3n de satisfacci\u00f3n y bienestar. Por ello, es fundamental que siempre tengamos cerca una papelera que favorezca la higiene, la organizaci\u00f3n y la belleza. Con un dise\u00f1o contempor\u00e1neo, moderno y minimalista, los Basureros con Pedal Trium fueron desarrollados para resolver los problemas cotidianos con m\u00e1s practicidad y sostenibilidad, permiti\u00e9ndote separar los residuos de forma pr\u00e1ctica, facilitando el reciclaje. Adem\u00e1s, cuenta con una tapa especial que no deja la bolsa de basura expuesta en el exterior del basurero, y un anillo de sujeci\u00f3n que brinda m\u00e1s seguridad al momento de colocar la bolsa de basura, aportando m\u00e1s sofisticaci\u00f3n al evitar que la bolsa se destaque. Fabricado con material de alta calidad y acabado mate, el cubo de basura garantiza la estabilidad y resistencia necesarias para el uso diario.<\/p>\n<div><strong data-redactor-tag=\"strong\">Cuidado:<\/strong><\/div>\n<div>Se sugiere higienizar con jab\u00f3n neutro y esponja suave, evitando productos abrasivos en el proceso de limpieza.<\/div>\n<div><strong data-redactor-tag=\"strong\">Alto:<\/strong>\u00a035,5 cm<\/div>\n<div><strong data-redactor-tag=\"strong\">Ancho:<\/strong>\u00a035,5 cm<\/div>\n<div><strong data-redactor-tag=\"strong\">Profundidad:<\/strong>\u00a025,8 cm<\/div>\n<div><strong data-redactor-tag=\"strong\">Peso:<\/strong>\u00a01103g<\/div>\n","protected":false},"excerpt":{"rendered":"<p>Basurero con Pedal 10+10 litros OU \u00abTrium\u00bb\u200b Descripci\u00f3n: Promover un ambiente limpio, organizado y con olor es el secreto para una sensaci\u00f3n de satisfacci\u00f3n y bienestar. Por ello, es fundamental que siempre tengamos cerca una papelera que favorezca la higiene, la organizaci\u00f3n y la belleza. Con un dise\u00f1o contempor\u00e1neo, moderno y minimalista, los Basureros con [&#8230;]\n","protected":false},"featured_media":637,"template":"","meta":[],"product_brand":[63],"product_cat":[35,26],"product_tag":[36,37,32],"class_list":{"0":"post-648","1":"product","2":"type-product","3":"status-publish","4":"has-post-thumbnail","6":"product_brand-ou","7":"product_cat-basureros","8":"product_cat-ou","9":"product_tag-basurero","10":"product_tag-organizacion","11":"product_tag-ou","13":"first","14":"instock","15":"taxable","16":"shipping-taxable","17":"purchasable","18":"product-type-simple"},"jetpack-related-posts":[],"jetpack_sharing_enabled":true,"_links":{"self":[{"href":"https:\/\/depex.com.uy\/index.php?rest_route=\/wp\/v2\/product\/648","targetHints":{"allow":["GET"]}}],"collection":[{"href":"https:\/\/depex.com.uy\/index.php?rest_route=\/wp\/v2\/product"}],"about":[{"href":"https:\/\/depex.com.uy\/index.php?rest_route=\/wp\/v2\/types\/product"}],"wp:featuredmedia":[{"embeddable":true,"href":"https:\/\/depex.com.uy\/index.php?rest_route=\/wp\/v2\/media\/637"}],"wp:attachment":[{"href":"https:\/\/depex.com.uy\/index.php?rest_route=%2Fwp%2Fv2%2Fmedia&parent=648"}],"wp:term":[{"taxonomy":"product_brand","embeddable":true,"href":"https:\/\/depex.com.uy\/index.php?rest_route=%2Fwp%2Fv2%2Fproduct_brand&post=648"},{"taxonomy":"product_cat","embeddable":true,"href":"https:\/\/depex.com.uy\/index.php?rest_route=%2Fwp%2Fv2%2Fproduct_cat&post=648"},{"taxonomy":"product_tag","embeddable":true,"href":"https:\/\/depex.com.uy\/index.php?rest_route=%2Fwp%2Fv2%2Fproduct_tag&post=648"}],"curies":[{"name":"wp","href":"https:\/\/api.w.org\/{rel}","templated":true}]}}