{"id":699,"date":"2023-05-25T16:22:55","date_gmt":"2023-05-25T19:22:55","guid":{"rendered":"https:\/\/depex.com.uy\/?post_type=product&#038;p=699"},"modified":"2025-02-18T16:12:39","modified_gmt":"2025-02-18T19:12:39","slug":"tortera-con-cupula-25cm-ou-break-blanco","status":"publish","type":"product","link":"https:\/\/depex.com.uy\/?product=tortera-con-cupula-25cm-ou-break-blanco","title":{"rendered":"Tortera con C\u00fapula 25cm OU \u00abBreak\u00bb (Blanco)"},"content":{"rendered":"<p><strong data-redactor-tag=\"strong\">Tortera con C\u00fapula 25cm OU \u00abBreak\u00bb<\/strong><\/p>\n<p><strong data-redactor-tag=\"strong\">Caracter\u00edsticas:<\/strong><\/p>\n<p>El Plato con C\u00fapula de 25 cm de la L\u00ednea Break es el art\u00edculo perfecto para aquellos que buscan belleza para servir y envasar pasteles de forma sencilla y pr\u00e1ctica, aportando comodidad al d\u00eda a d\u00eda y a las ocasiones especiales. Con un dise\u00f1o minimalista, combina con todo tipo de cocinas, aportando armon\u00eda entre el color y la transparencia para facilitar la visualizaci\u00f3n de los elementos en la mesa. El material de la l\u00ednea tiene base en material r\u00edgido y texturizado (polipropileno) y tapas y c\u00fapulas en material transparente (poliestireno). Adem\u00e1s de no traspasar olor ni sabor a los alimentos. Color y belleza para tu d\u00eda a d\u00eda, son las caracter\u00edsticas de la l\u00ednea break dise\u00f1ada para brindar calidad en la organizaci\u00f3n de tu mesa.<\/p>\n<p><strong data-redactor-tag=\"strong\">Dimensiones:\u00a0<\/strong>270x270x150mm<\/p>\n","protected":false},"excerpt":{"rendered":"<p>Tortera con C\u00fapula 25cm OU \u00abBreak\u00bb Caracter\u00edsticas: El Plato con C\u00fapula de 25 cm de la L\u00ednea Break es el art\u00edculo perfecto para aquellos que buscan belleza para servir y envasar pasteles de forma sencilla y pr\u00e1ctica, aportando comodidad al d\u00eda a d\u00eda y a las ocasiones especiales. Con un dise\u00f1o minimalista, combina con todo [&#8230;]\n","protected":false},"featured_media":713,"template":"","meta":[],"product_brand":[63],"product_cat":[49,26],"product_tag":[],"class_list":{"0":"post-699","1":"product","2":"type-product","3":"status-publish","4":"has-post-thumbnail","6":"product_brand-ou","7":"product_cat-mesa","8":"product_cat-ou","10":"first","11":"instock","12":"taxable","13":"shipping-taxable","14":"purchasable","15":"product-type-simple"},"jetpack-related-posts":[],"jetpack_sharing_enabled":true,"_links":{"self":[{"href":"https:\/\/depex.com.uy\/index.php?rest_route=\/wp\/v2\/product\/699","targetHints":{"allow":["GET"]}}],"collection":[{"href":"https:\/\/depex.com.uy\/index.php?rest_route=\/wp\/v2\/product"}],"about":[{"href":"https:\/\/depex.com.uy\/index.php?rest_route=\/wp\/v2\/types\/product"}],"wp:featuredmedia":[{"embeddable":true,"href":"https:\/\/depex.com.uy\/index.php?rest_route=\/wp\/v2\/media\/713"}],"wp:attachment":[{"href":"https:\/\/depex.com.uy\/index.php?rest_route=%2Fwp%2Fv2%2Fmedia&parent=699"}],"wp:term":[{"taxonomy":"product_brand","embeddable":true,"href":"https:\/\/depex.com.uy\/index.php?rest_route=%2Fwp%2Fv2%2Fproduct_brand&post=699"},{"taxonomy":"product_cat","embeddable":true,"href":"https:\/\/depex.com.uy\/index.php?rest_route=%2Fwp%2Fv2%2Fproduct_cat&post=699"},{"taxonomy":"product_tag","embeddable":true,"href":"https:\/\/depex.com.uy\/index.php?rest_route=%2Fwp%2Fv2%2Fproduct_tag&post=699"}],"curies":[{"name":"wp","href":"https:\/\/api.w.org\/{rel}","templated":true}]}}