{"id":715,"date":"2023-05-26T08:39:30","date_gmt":"2023-05-26T11:39:30","guid":{"rendered":"https:\/\/depex.com.uy\/?post_type=product&#038;p=715"},"modified":"2025-02-18T16:12:39","modified_gmt":"2025-02-18T19:12:39","slug":"plato-con-cupula-30cm-ou-break-blanco","status":"publish","type":"product","link":"https:\/\/depex.com.uy\/?product=plato-con-cupula-30cm-ou-break-blanco","title":{"rendered":"Plato con C\u00fapula 30cm OU \u00abBreak\u00bb (Blanco)"},"content":{"rendered":"<p><strong data-redactor-tag=\"strong\">Plato con C\u00fapula 30cm OU \u00abBreak\u00bb<\/strong><\/p>\n<p><strong data-redactor-tag=\"strong\">Caracter\u00edsticas:<\/strong><\/p>\n<p>Los platos para tortas break line son el art\u00edculo perfecto para quienes buscan belleza para servir y envasar tartas de forma sencilla y pr\u00e1ctica, aportando facilidad a la vida cotidiana y a las ocasiones especiales. Con un dise\u00f1o minimalista, combina con todo tipo de cocinas, aportando color y transparencia para que sea m\u00e1s f\u00e1cil ver los elementos sobre la mesa y color para embellecer a\u00fan m\u00e1s tu cocina. El material de la l\u00ednea tiene base en material r\u00edgido (polipropileno) y tapas y c\u00fapulas en material transparente (poliestireno). Con color, belleza y dise\u00f1o, la puerta fr\u00eda aportar\u00e1 practicidad a tu d\u00eda a d\u00eda.<\/p>\n<div><\/div>\n<p><strong data-redactor-tag=\"strong\">Dimensiones:\u00a0<\/strong>325x325x165mm<\/p>\n","protected":false},"excerpt":{"rendered":"<p>Plato con C\u00fapula 30cm OU \u00abBreak\u00bb Caracter\u00edsticas: Los platos para tortas break line son el art\u00edculo perfecto para quienes buscan belleza para servir y envasar tartas de forma sencilla y pr\u00e1ctica, aportando facilidad a la vida cotidiana y a las ocasiones especiales. Con un dise\u00f1o minimalista, combina con todo tipo de cocinas, aportando color y [&#8230;]\n","protected":false},"featured_media":716,"template":"","meta":[],"product_brand":[63],"product_cat":[49,26],"product_tag":[],"class_list":{"0":"post-715","1":"product","2":"type-product","3":"status-publish","4":"has-post-thumbnail","6":"product_brand-ou","7":"product_cat-mesa","8":"product_cat-ou","10":"first","11":"instock","12":"taxable","13":"shipping-taxable","14":"purchasable","15":"product-type-simple"},"jetpack-related-posts":[],"jetpack_sharing_enabled":true,"_links":{"self":[{"href":"https:\/\/depex.com.uy\/index.php?rest_route=\/wp\/v2\/product\/715","targetHints":{"allow":["GET"]}}],"collection":[{"href":"https:\/\/depex.com.uy\/index.php?rest_route=\/wp\/v2\/product"}],"about":[{"href":"https:\/\/depex.com.uy\/index.php?rest_route=\/wp\/v2\/types\/product"}],"wp:featuredmedia":[{"embeddable":true,"href":"https:\/\/depex.com.uy\/index.php?rest_route=\/wp\/v2\/media\/716"}],"wp:attachment":[{"href":"https:\/\/depex.com.uy\/index.php?rest_route=%2Fwp%2Fv2%2Fmedia&parent=715"}],"wp:term":[{"taxonomy":"product_brand","embeddable":true,"href":"https:\/\/depex.com.uy\/index.php?rest_route=%2Fwp%2Fv2%2Fproduct_brand&post=715"},{"taxonomy":"product_cat","embeddable":true,"href":"https:\/\/depex.com.uy\/index.php?rest_route=%2Fwp%2Fv2%2Fproduct_cat&post=715"},{"taxonomy":"product_tag","embeddable":true,"href":"https:\/\/depex.com.uy\/index.php?rest_route=%2Fwp%2Fv2%2Fproduct_tag&post=715"}],"curies":[{"name":"wp","href":"https:\/\/api.w.org\/{rel}","templated":true}]}}