{"id":723,"date":"2023-05-26T08:48:20","date_gmt":"2023-05-26T11:48:20","guid":{"rendered":"https:\/\/depex.com.uy\/?post_type=product&#038;p=723"},"modified":"2025-02-18T16:12:39","modified_gmt":"2025-02-18T19:12:39","slug":"set-de-bano-dual-ou-blanco","status":"publish","type":"product","link":"https:\/\/depex.com.uy\/?product=set-de-bano-dual-ou-blanco","title":{"rendered":"Set de Ba\u00f1o \u201cDual\u201d OU (Blanco)"},"content":{"rendered":"<p><strong data-redactor-tag=\"strong\">Set de Ba\u00f1o \u201cDual\u201d OU<\/strong><\/p>\n<p><strong data-redactor-tag=\"strong\">Caracter\u00edsticas:<\/strong><\/p>\n<p>El Juego de Ba\u00f1o Dual es el art\u00edculo perfecto para cualquiera que busque combinar funcionalidad y organizaci\u00f3n para art\u00edculos de higiene personal en el ba\u00f1o. Con un dise\u00f1o geom\u00e9trico y cantos redondeados, el portaescobillas es una combinaci\u00f3n de tres componentes, que mezclan colores cerrados y trasl\u00facidos para que puedas visualizar c\u00f3modamente el contenido de su interior.<\/p>\n<ul>\n<li>1 unidad de Portacepillos Dual<\/li>\n<li>1 unidad de Jabonera L\u00edquida Dual 500ml<\/li>\n<li>1 unidad de Bandeja Dual<\/li>\n<\/ul>\n<div>La l\u00ednea est\u00e1 hecha de material resistente combinando colores transl\u00facidos y cerrados de una manera \u00fanica y m\u00e1gica, que embellecer\u00e1 a\u00fan m\u00e1s el ambiente. Dise\u00f1o imponente y ergon\u00f3mico, l\u00edneas suaves y colores que dar\u00e1n m\u00e1s vida a tu ba\u00f1o son las caracter\u00edsticas de la l\u00ednea Dual pensada para hacer tu ba\u00f1o m\u00e1s organizado!<\/div>\n","protected":false},"excerpt":{"rendered":"<p>Set de Ba\u00f1o \u201cDual\u201d OU Caracter\u00edsticas: El Juego de Ba\u00f1o Dual es el art\u00edculo perfecto para cualquiera que busque combinar funcionalidad y organizaci\u00f3n para art\u00edculos de higiene personal en el ba\u00f1o. Con un dise\u00f1o geom\u00e9trico y cantos redondeados, el portaescobillas es una combinaci\u00f3n de tres componentes, que mezclan colores cerrados y trasl\u00facidos para que puedas [&#8230;]\n","protected":false},"featured_media":724,"template":"","meta":[],"product_brand":[63],"product_cat":[21,26],"product_tag":[],"class_list":{"0":"post-723","1":"product","2":"type-product","3":"status-publish","4":"has-post-thumbnail","6":"product_brand-ou","7":"product_cat-bano","8":"product_cat-ou","10":"first","11":"instock","12":"taxable","13":"shipping-taxable","14":"purchasable","15":"product-type-simple"},"jetpack-related-posts":[],"jetpack_sharing_enabled":true,"_links":{"self":[{"href":"https:\/\/depex.com.uy\/index.php?rest_route=\/wp\/v2\/product\/723","targetHints":{"allow":["GET"]}}],"collection":[{"href":"https:\/\/depex.com.uy\/index.php?rest_route=\/wp\/v2\/product"}],"about":[{"href":"https:\/\/depex.com.uy\/index.php?rest_route=\/wp\/v2\/types\/product"}],"wp:featuredmedia":[{"embeddable":true,"href":"https:\/\/depex.com.uy\/index.php?rest_route=\/wp\/v2\/media\/724"}],"wp:attachment":[{"href":"https:\/\/depex.com.uy\/index.php?rest_route=%2Fwp%2Fv2%2Fmedia&parent=723"}],"wp:term":[{"taxonomy":"product_brand","embeddable":true,"href":"https:\/\/depex.com.uy\/index.php?rest_route=%2Fwp%2Fv2%2Fproduct_brand&post=723"},{"taxonomy":"product_cat","embeddable":true,"href":"https:\/\/depex.com.uy\/index.php?rest_route=%2Fwp%2Fv2%2Fproduct_cat&post=723"},{"taxonomy":"product_tag","embeddable":true,"href":"https:\/\/depex.com.uy\/index.php?rest_route=%2Fwp%2Fv2%2Fproduct_tag&post=723"}],"curies":[{"name":"wp","href":"https:\/\/api.w.org\/{rel}","templated":true}]}}