{"id":727,"date":"2023-05-26T08:53:24","date_gmt":"2023-05-26T11:53:24","guid":{"rendered":"https:\/\/depex.com.uy\/?post_type=product&#038;p=727"},"modified":"2025-02-18T16:12:40","modified_gmt":"2025-02-18T19:12:40","slug":"set-de-bano-dual-ou-gris","status":"publish","type":"product","link":"https:\/\/depex.com.uy\/?product=set-de-bano-dual-ou-gris","title":{"rendered":"Set de Ba\u00f1o \u201cDual\u201d OU (Gris)"},"content":{"rendered":"<p><strong data-redactor-tag=\"strong\">Set de 2 Cucharas Bailarinas 32cm OU \u00abServer\u00bb<\/strong><\/p>\n<p><strong data-redactor-tag=\"strong\">Descripci\u00f3n:<\/strong><\/p>\n<p>El Set de 2 Cucharas Bailarina 32 cm es perfecto para quien busca funcionalidad y belleza a la hora de servir, con un dise\u00f1o cl\u00e1sico y colores transl\u00facidos para combinar con cualquier tipo de mesa. Fabricado en material poliestireno (PS) r\u00edgido y brillante. Practicidad, belleza y dise\u00f1o son las caracter\u00edsticas de la l\u00ednea SERVER dise\u00f1ada para brindar una organizaci\u00f3n de mesa de calidad.<\/p>\n<p><strong data-redactor-tag=\"strong\">Recomendaciones de uso:<\/strong><\/p>\n<ul>\n<li>Este producto es LIBRE de BPA, no se mete en el congelador ni en el microondas<\/li>\n<li>Se sugiere limpiarlo con jab\u00f3n neutro y una esponja suave, evitando productos abrasivos en el proceso de limpieza.<\/li>\n<\/ul>\n<p><strong data-redactor-tag=\"strong\">Dimensiones:<\/strong>\u00a0320x10x40mm<\/p>\n","protected":false},"excerpt":{"rendered":"<p>Set de 2 Cucharas Bailarinas 32cm OU \u00abServer\u00bb Descripci\u00f3n: El Set de 2 Cucharas Bailarina 32 cm es perfecto para quien busca funcionalidad y belleza a la hora de servir, con un dise\u00f1o cl\u00e1sico y colores transl\u00facidos para combinar con cualquier tipo de mesa. Fabricado en material poliestireno (PS) r\u00edgido y brillante. Practicidad, belleza y [&#8230;]\n","protected":false},"featured_media":728,"template":"","meta":[],"product_brand":[63],"product_cat":[21,26],"product_tag":[],"class_list":{"0":"post-727","1":"product","2":"type-product","3":"status-publish","4":"has-post-thumbnail","6":"product_brand-ou","7":"product_cat-bano","8":"product_cat-ou","10":"first","11":"instock","12":"taxable","13":"shipping-taxable","14":"purchasable","15":"product-type-simple"},"jetpack-related-posts":[],"jetpack_sharing_enabled":true,"_links":{"self":[{"href":"https:\/\/depex.com.uy\/index.php?rest_route=\/wp\/v2\/product\/727","targetHints":{"allow":["GET"]}}],"collection":[{"href":"https:\/\/depex.com.uy\/index.php?rest_route=\/wp\/v2\/product"}],"about":[{"href":"https:\/\/depex.com.uy\/index.php?rest_route=\/wp\/v2\/types\/product"}],"wp:featuredmedia":[{"embeddable":true,"href":"https:\/\/depex.com.uy\/index.php?rest_route=\/wp\/v2\/media\/728"}],"wp:attachment":[{"href":"https:\/\/depex.com.uy\/index.php?rest_route=%2Fwp%2Fv2%2Fmedia&parent=727"}],"wp:term":[{"taxonomy":"product_brand","embeddable":true,"href":"https:\/\/depex.com.uy\/index.php?rest_route=%2Fwp%2Fv2%2Fproduct_brand&post=727"},{"taxonomy":"product_cat","embeddable":true,"href":"https:\/\/depex.com.uy\/index.php?rest_route=%2Fwp%2Fv2%2Fproduct_cat&post=727"},{"taxonomy":"product_tag","embeddable":true,"href":"https:\/\/depex.com.uy\/index.php?rest_route=%2Fwp%2Fv2%2Fproduct_tag&post=727"}],"curies":[{"name":"wp","href":"https:\/\/api.w.org\/{rel}","templated":true}]}}