{"id":734,"date":"2023-05-26T09:16:53","date_gmt":"2023-05-26T12:16:53","guid":{"rendered":"https:\/\/depex.com.uy\/?post_type=product&#038;p=734"},"modified":"2025-02-18T16:12:40","modified_gmt":"2025-02-18T19:12:40","slug":"vaso-400ml-ou-drink-natural","status":"publish","type":"product","link":"https:\/\/depex.com.uy\/?product=vaso-400ml-ou-drink-natural","title":{"rendered":"Vaso 400ml OU \u00abDrink\u00bb (Natural)"},"content":{"rendered":"<p><strong data-redactor-tag=\"strong\">Vaso 400ml OU \u00abDrink\u00bb<\/strong><\/p>\n<p><strong data-redactor-tag=\"strong\">Caracter\u00edsticas:<\/strong><\/p>\n<p>El Vaso Pl\u00e1stico Drink de 400 ml es perfecto para quienes buscan funcionalidad y belleza a la hora de servir y almacenar, con un dise\u00f1o cl\u00e1sico y combinaci\u00f3n de colores transl\u00facidos para combinar con cualquier tipo de mesa. El vaso Drink tiene una capacidad de 400 ml y es ergon\u00f3mico que asegura un c\u00f3modo manejo y transporte. Fabricado en material r\u00edgido y brillante (PS), adem\u00e1s de esquinas redondeadas que facilitan la limpieza. Practicidad, belleza y dise\u00f1o son las caracter\u00edsticas de la l\u00ednea SERVER dise\u00f1ada para brindar una organizaci\u00f3n de mesa de calidad.<\/p>\n<p><strong data-redactor-tag=\"strong\">Dimensiones:\u00a0<\/strong>85x85x120mm<\/p>\n","protected":false},"excerpt":{"rendered":"<p>Vaso 400ml OU \u00abDrink\u00bb Caracter\u00edsticas: El Vaso Pl\u00e1stico Drink de 400 ml es perfecto para quienes buscan funcionalidad y belleza a la hora de servir y almacenar, con un dise\u00f1o cl\u00e1sico y combinaci\u00f3n de colores transl\u00facidos para combinar con cualquier tipo de mesa. El vaso Drink tiene una capacidad de 400 ml y es ergon\u00f3mico [&#8230;]\n","protected":false},"featured_media":735,"template":"","meta":[],"product_brand":[63],"product_cat":[49,26],"product_tag":[],"class_list":{"0":"post-734","1":"product","2":"type-product","3":"status-publish","4":"has-post-thumbnail","6":"product_brand-ou","7":"product_cat-mesa","8":"product_cat-ou","10":"first","11":"instock","12":"taxable","13":"shipping-taxable","14":"purchasable","15":"product-type-simple"},"jetpack-related-posts":[],"jetpack_sharing_enabled":true,"_links":{"self":[{"href":"https:\/\/depex.com.uy\/index.php?rest_route=\/wp\/v2\/product\/734","targetHints":{"allow":["GET"]}}],"collection":[{"href":"https:\/\/depex.com.uy\/index.php?rest_route=\/wp\/v2\/product"}],"about":[{"href":"https:\/\/depex.com.uy\/index.php?rest_route=\/wp\/v2\/types\/product"}],"wp:featuredmedia":[{"embeddable":true,"href":"https:\/\/depex.com.uy\/index.php?rest_route=\/wp\/v2\/media\/735"}],"wp:attachment":[{"href":"https:\/\/depex.com.uy\/index.php?rest_route=%2Fwp%2Fv2%2Fmedia&parent=734"}],"wp:term":[{"taxonomy":"product_brand","embeddable":true,"href":"https:\/\/depex.com.uy\/index.php?rest_route=%2Fwp%2Fv2%2Fproduct_brand&post=734"},{"taxonomy":"product_cat","embeddable":true,"href":"https:\/\/depex.com.uy\/index.php?rest_route=%2Fwp%2Fv2%2Fproduct_cat&post=734"},{"taxonomy":"product_tag","embeddable":true,"href":"https:\/\/depex.com.uy\/index.php?rest_route=%2Fwp%2Fv2%2Fproduct_tag&post=734"}],"curies":[{"name":"wp","href":"https:\/\/api.w.org\/{rel}","templated":true}]}}