{"id":799,"date":"2023-05-26T16:30:48","date_gmt":"2023-05-26T19:30:48","guid":{"rendered":"https:\/\/depex.com.uy\/?post_type=product&#038;p=799"},"modified":"2025-02-25T17:41:35","modified_gmt":"2025-02-25T20:41:35","slug":"cesta-organizadora-20-litros-ou-grid-blanco","status":"publish","type":"product","link":"https:\/\/depex.com.uy\/?product=cesta-organizadora-20-litros-ou-grid-blanco","title":{"rendered":"Cesta Organizadora 38x28x22cm 20 litros OU \u00abGrid\u00bb (Blanco)"},"content":{"rendered":"<p><strong data-redactor-tag=\"strong\">Caracter\u00edsticas:<\/strong><\/p>\n<p>La l\u00ednea de Grid Baskets fue desarrollada con una mezcla perfecta entre comodidad, dise\u00f1o y funcionalidad. Las cestas vienen en una variedad de tama\u00f1os, son apilables y vers\u00e1tiles.<\/p>\n<p>Hay varias opciones con colores neutros y acabado mate, que combinan con cualquier ambiente. Se pueden utilizar en armarios, cocinas, lavaderos o incluso en el sal\u00f3n para decorar.<\/p>\n<p>La cesta organizadora Grid mide (38 cm de profundidad x 28 cm de ancho x 22,2 cm de altura) y tiene una capacidad de 20 litros.<\/p>\n<p>Las Cestas Rejilla son perfectas para combinar organizaci\u00f3n y decoraci\u00f3n en tu hogar.<\/p>\n<div><\/div>\n<p><strong data-redactor-tag=\"strong\">Dimensiones:\u00a0<\/strong>222x280x380mm<\/p>\n","protected":false},"excerpt":{"rendered":"<p>Caracter\u00edsticas: La l\u00ednea de Grid Baskets fue desarrollada con una mezcla perfecta entre comodidad, dise\u00f1o y funcionalidad. Las cestas vienen en una variedad de tama\u00f1os, son apilables y vers\u00e1tiles. Hay varias opciones con colores neutros y acabado mate, que combinan con cualquier ambiente. Se pueden utilizar en armarios, cocinas, lavaderos o incluso en el sal\u00f3n [&#8230;]\n","protected":false},"featured_media":800,"template":"","meta":[],"product_brand":[63],"product_cat":[20,26],"product_tag":[],"class_list":{"0":"post-799","1":"product","2":"type-product","3":"status-publish","4":"has-post-thumbnail","6":"product_brand-ou","7":"product_cat-organizacion","8":"product_cat-ou","10":"first","11":"instock","12":"taxable","13":"shipping-taxable","14":"purchasable","15":"product-type-simple"},"jetpack-related-posts":[],"jetpack_sharing_enabled":true,"_links":{"self":[{"href":"https:\/\/depex.com.uy\/index.php?rest_route=\/wp\/v2\/product\/799","targetHints":{"allow":["GET"]}}],"collection":[{"href":"https:\/\/depex.com.uy\/index.php?rest_route=\/wp\/v2\/product"}],"about":[{"href":"https:\/\/depex.com.uy\/index.php?rest_route=\/wp\/v2\/types\/product"}],"wp:featuredmedia":[{"embeddable":true,"href":"https:\/\/depex.com.uy\/index.php?rest_route=\/wp\/v2\/media\/800"}],"wp:attachment":[{"href":"https:\/\/depex.com.uy\/index.php?rest_route=%2Fwp%2Fv2%2Fmedia&parent=799"}],"wp:term":[{"taxonomy":"product_brand","embeddable":true,"href":"https:\/\/depex.com.uy\/index.php?rest_route=%2Fwp%2Fv2%2Fproduct_brand&post=799"},{"taxonomy":"product_cat","embeddable":true,"href":"https:\/\/depex.com.uy\/index.php?rest_route=%2Fwp%2Fv2%2Fproduct_cat&post=799"},{"taxonomy":"product_tag","embeddable":true,"href":"https:\/\/depex.com.uy\/index.php?rest_route=%2Fwp%2Fv2%2Fproduct_tag&post=799"}],"curies":[{"name":"wp","href":"https:\/\/api.w.org\/{rel}","templated":true}]}}