{"id":888,"date":"2023-05-29T17:00:54","date_gmt":"2023-05-29T20:00:54","guid":{"rendered":"https:\/\/depex.com.uy\/?post_type=product&#038;p=888"},"modified":"2025-02-18T16:12:46","modified_gmt":"2025-02-18T19:12:46","slug":"dispensador-de-jabon-liquido-con-compartimiento-650ml-ou-trium-gris","status":"publish","type":"product","link":"https:\/\/depex.com.uy\/?product=dispensador-de-jabon-liquido-con-compartimiento-650ml-ou-trium-gris","title":{"rendered":"Dispensador de Detergente con Compartimiento 650ml OU \u00abTrium\u00bb (Gris)"},"content":{"rendered":"<p><strong data-redactor-tag=\"strong\">Caracter\u00edsticas:<\/strong><\/p>\n<p>Dosificador de detergente con espacio para alojar la esponja. Ideal para encimeras con poco espacio, fue dise\u00f1ado y desarrollado para ti que siempre quieres mantener el fregadero de la cocina organizado, moderno y encantador. Con dise\u00f1o diferenciado y con una propuesta diferente este art\u00edculo es para ambientes poco convencionales y para personas con personalidad. Lavar los platos es una tarea siempre presente en nuestra vida diaria y este art\u00edculo viene a ayudar tanto en la decoraci\u00f3n como en la practicidad. Con una capacidad de 650ml de jab\u00f3n l\u00edquido, tambi\u00e9n cuenta con una boquilla dosificadora que evita desperdicios.<\/p>\n<p><strong data-redactor-tag=\"strong\">Dimensiones:\u00a0<\/strong>100x105x200mm<\/p>\n","protected":false},"excerpt":{"rendered":"<p>Caracter\u00edsticas: Dosificador de detergente con espacio para alojar la esponja. Ideal para encimeras con poco espacio, fue dise\u00f1ado y desarrollado para ti que siempre quieres mantener el fregadero de la cocina organizado, moderno y encantador. Con dise\u00f1o diferenciado y con una propuesta diferente este art\u00edculo es para ambientes poco convencionales y para personas con personalidad. [&#8230;]\n","protected":false},"featured_media":889,"template":"","meta":[],"product_brand":[63],"product_cat":[19,26],"product_tag":[],"class_list":{"0":"post-888","1":"product","2":"type-product","3":"status-publish","4":"has-post-thumbnail","6":"product_brand-ou","7":"product_cat-cocina","8":"product_cat-ou","10":"first","11":"instock","12":"taxable","13":"shipping-taxable","14":"purchasable","15":"product-type-simple"},"jetpack-related-posts":[],"jetpack_sharing_enabled":true,"_links":{"self":[{"href":"https:\/\/depex.com.uy\/index.php?rest_route=\/wp\/v2\/product\/888","targetHints":{"allow":["GET"]}}],"collection":[{"href":"https:\/\/depex.com.uy\/index.php?rest_route=\/wp\/v2\/product"}],"about":[{"href":"https:\/\/depex.com.uy\/index.php?rest_route=\/wp\/v2\/types\/product"}],"wp:featuredmedia":[{"embeddable":true,"href":"https:\/\/depex.com.uy\/index.php?rest_route=\/wp\/v2\/media\/889"}],"wp:attachment":[{"href":"https:\/\/depex.com.uy\/index.php?rest_route=%2Fwp%2Fv2%2Fmedia&parent=888"}],"wp:term":[{"taxonomy":"product_brand","embeddable":true,"href":"https:\/\/depex.com.uy\/index.php?rest_route=%2Fwp%2Fv2%2Fproduct_brand&post=888"},{"taxonomy":"product_cat","embeddable":true,"href":"https:\/\/depex.com.uy\/index.php?rest_route=%2Fwp%2Fv2%2Fproduct_cat&post=888"},{"taxonomy":"product_tag","embeddable":true,"href":"https:\/\/depex.com.uy\/index.php?rest_route=%2Fwp%2Fv2%2Fproduct_tag&post=888"}],"curies":[{"name":"wp","href":"https:\/\/api.w.org\/{rel}","templated":true}]}}