{"id":900,"date":"2023-05-29T17:15:48","date_gmt":"2023-05-29T20:15:48","guid":{"rendered":"https:\/\/depex.com.uy\/?post_type=product&#038;p=900"},"modified":"2025-03-31T18:28:42","modified_gmt":"2025-03-31T21:28:42","slug":"dispensador-de-detergente-para-esponja-550ml-ou-trium-gris","status":"publish","type":"product","link":"https:\/\/depex.com.uy\/?product=dispensador-de-detergente-para-esponja-550ml-ou-trium-gris","title":{"rendered":"Dispensador de Detergente para Esponja 550ml OU \u00abTrium\u00bb (Gris)"},"content":{"rendered":"<p><strong data-redactor-tag=\"strong\">Caracter\u00edsticas:<\/strong><\/p>\n<p>El Dispensador de Detergente Porta Esponja Trium 550 ml ayuda con la organizaci\u00f3n y practicidad al lavar los platos, permitiendo activarlo con una sola mano. El dosificador es sin\u00f3nimo de facilidad y econom\u00eda, ya que evita el desperdicio de detergente. Su ventana transparente permite la visualizaci\u00f3n del nivel del l\u00edquido. El cuerpo del dosificador est\u00e1 fabricado en material pl\u00e1stico r\u00edgido (Poliestireno) con acabado brillante, y la v\u00e1lvula en (Polipropileno) con acabado texturizado. La L\u00ednea Trium tiene un dise\u00f1o minimalista, que combina con todo tipo de cocinas o balcones gourmet, haciendo que el hogar sea a\u00fan m\u00e1s delicado y actual. Dise\u00f1o, belleza y practicidad son las caracter\u00edsticas de la l\u00ednea que la hacen ideal para cualquier hogar, manteniendo la experiencia Or a\u00fan m\u00e1s completa.<\/p>\n<p><strong data-redactor-tag=\"strong\">Dimensiones:\u00a0<\/strong>105x150x100mm<\/p>\n","protected":false},"excerpt":{"rendered":"<p>Caracter\u00edsticas: El Dispensador de Detergente Porta Esponja Trium 550 ml ayuda con la organizaci\u00f3n y practicidad al lavar los platos, permitiendo activarlo con una sola mano. El dosificador es sin\u00f3nimo de facilidad y econom\u00eda, ya que evita el desperdicio de detergente. Su ventana transparente permite la visualizaci\u00f3n del nivel del l\u00edquido. El cuerpo del dosificador [&#8230;]\n","protected":false},"featured_media":5218,"template":"","meta":[],"product_brand":[63],"product_cat":[19,26],"product_tag":[],"class_list":{"0":"post-900","1":"product","2":"type-product","3":"status-publish","4":"has-post-thumbnail","6":"product_brand-ou","7":"product_cat-cocina","8":"product_cat-ou","10":"first","11":"instock","12":"taxable","13":"shipping-taxable","14":"purchasable","15":"product-type-simple"},"jetpack-related-posts":[],"jetpack_sharing_enabled":true,"_links":{"self":[{"href":"https:\/\/depex.com.uy\/index.php?rest_route=\/wp\/v2\/product\/900","targetHints":{"allow":["GET"]}}],"collection":[{"href":"https:\/\/depex.com.uy\/index.php?rest_route=\/wp\/v2\/product"}],"about":[{"href":"https:\/\/depex.com.uy\/index.php?rest_route=\/wp\/v2\/types\/product"}],"wp:featuredmedia":[{"embeddable":true,"href":"https:\/\/depex.com.uy\/index.php?rest_route=\/wp\/v2\/media\/5218"}],"wp:attachment":[{"href":"https:\/\/depex.com.uy\/index.php?rest_route=%2Fwp%2Fv2%2Fmedia&parent=900"}],"wp:term":[{"taxonomy":"product_brand","embeddable":true,"href":"https:\/\/depex.com.uy\/index.php?rest_route=%2Fwp%2Fv2%2Fproduct_brand&post=900"},{"taxonomy":"product_cat","embeddable":true,"href":"https:\/\/depex.com.uy\/index.php?rest_route=%2Fwp%2Fv2%2Fproduct_cat&post=900"},{"taxonomy":"product_tag","embeddable":true,"href":"https:\/\/depex.com.uy\/index.php?rest_route=%2Fwp%2Fv2%2Fproduct_tag&post=900"}],"curies":[{"name":"wp","href":"https:\/\/api.w.org\/{rel}","templated":true}]}}