{"id":908,"date":"2023-05-29T17:25:44","date_gmt":"2023-05-29T20:25:44","guid":{"rendered":"https:\/\/depex.com.uy\/?post_type=product&#038;p=908"},"modified":"2025-02-18T16:12:47","modified_gmt":"2025-02-18T19:12:47","slug":"dispensador-de-jabon-liquido-500ml-ou-trium-blanco","status":"publish","type":"product","link":"https:\/\/depex.com.uy\/?product=dispensador-de-jabon-liquido-500ml-ou-trium-blanco","title":{"rendered":"Dispensador de Detergente 500ml OU \u00abTrium\u00bb (Blanco)"},"content":{"rendered":"<p><strong data-redactor-tag=\"strong\">Caracter\u00edsticas:<\/strong><\/p>\n<p>Imponente y con fuerte presencia en los espacios, el Dispensador de Detergente Trium Premium une practicidad y decoraci\u00f3n con su dise\u00f1o \u00fanico. Las l\u00edneas suaves aportan un tono ligero, contrastando con una v\u00e1lvula especialmente desarrollada para diversos usos, como: detergente, jab\u00f3n l\u00edquido o alcohol gel. El dispensador premium se puede utilizar en diferentes ambientes de la casa como: cocina, ba\u00f1o, sala y oficina. Su ventana transparente permite controlar el nivel de l\u00edquido, lo que evita sorpresas durante la limpieza. El cuerpo del dosificador est\u00e1 fabricado en material pl\u00e1stico r\u00edgido (Poliestireno) con acabado brillante, y la v\u00e1lvula en (Polipropileno) con acabado texturizado. La L\u00ednea Trium tiene un dise\u00f1o minimalista, que combina con todo tipo de cocinas o balcones gourmet, haciendo que el hogar sea a\u00fan m\u00e1s delicado y actual.<\/p>\n<p><strong data-redactor-tag=\"strong\">Dimensiones:\u00a0<\/strong>85x75x185mm<\/p>\n","protected":false},"excerpt":{"rendered":"<p>Caracter\u00edsticas: Imponente y con fuerte presencia en los espacios, el Dispensador de Detergente Trium Premium une practicidad y decoraci\u00f3n con su dise\u00f1o \u00fanico. Las l\u00edneas suaves aportan un tono ligero, contrastando con una v\u00e1lvula especialmente desarrollada para diversos usos, como: detergente, jab\u00f3n l\u00edquido o alcohol gel. El dispensador premium se puede utilizar en diferentes ambientes [&#8230;]\n","protected":false},"featured_media":909,"template":"","meta":[],"product_brand":[63],"product_cat":[19,26],"product_tag":[],"class_list":{"0":"post-908","1":"product","2":"type-product","3":"status-publish","4":"has-post-thumbnail","6":"product_brand-ou","7":"product_cat-cocina","8":"product_cat-ou","10":"first","11":"instock","12":"taxable","13":"shipping-taxable","14":"purchasable","15":"product-type-simple"},"jetpack-related-posts":[],"jetpack_sharing_enabled":true,"_links":{"self":[{"href":"https:\/\/depex.com.uy\/index.php?rest_route=\/wp\/v2\/product\/908","targetHints":{"allow":["GET"]}}],"collection":[{"href":"https:\/\/depex.com.uy\/index.php?rest_route=\/wp\/v2\/product"}],"about":[{"href":"https:\/\/depex.com.uy\/index.php?rest_route=\/wp\/v2\/types\/product"}],"wp:featuredmedia":[{"embeddable":true,"href":"https:\/\/depex.com.uy\/index.php?rest_route=\/wp\/v2\/media\/909"}],"wp:attachment":[{"href":"https:\/\/depex.com.uy\/index.php?rest_route=%2Fwp%2Fv2%2Fmedia&parent=908"}],"wp:term":[{"taxonomy":"product_brand","embeddable":true,"href":"https:\/\/depex.com.uy\/index.php?rest_route=%2Fwp%2Fv2%2Fproduct_brand&post=908"},{"taxonomy":"product_cat","embeddable":true,"href":"https:\/\/depex.com.uy\/index.php?rest_route=%2Fwp%2Fv2%2Fproduct_cat&post=908"},{"taxonomy":"product_tag","embeddable":true,"href":"https:\/\/depex.com.uy\/index.php?rest_route=%2Fwp%2Fv2%2Fproduct_tag&post=908"}],"curies":[{"name":"wp","href":"https:\/\/api.w.org\/{rel}","templated":true}]}}