{"id":951,"date":"2023-05-29T18:34:49","date_gmt":"2023-05-29T21:34:49","guid":{"rendered":"https:\/\/depex.com.uy\/?post_type=product&#038;p=951"},"modified":"2025-02-18T16:12:50","modified_gmt":"2025-02-18T19:12:50","slug":"escurridor-de-vajilla-ou-trium-negro","status":"publish","type":"product","link":"https:\/\/depex.com.uy\/?product=escurridor-de-vajilla-ou-trium-negro","title":{"rendered":"Escurridor de Vajilla OU \u00abTrium\u00bb (Negro)"},"content":{"rendered":"<p><strong data-redactor-tag=\"strong\">Caracter\u00edsticas:<\/strong><\/p>\n<p>Tu hogar con un toque de practicidad. El Escurridor de Vajilla Trium es perfecto para quienes buscan funcionalidad y belleza sobre el fregadero, ya que permite organizar el fregadero de manera vers\u00e1til, adem\u00e1s de optimizar el espacio en el ambiente. Con un dise\u00f1o minimalista, combina con todo tipo de cocinas o balcones gourmet. Con capacidad para 12 platos, acomoda vasos, jarrones y otro tipo de platos con estabilidad. Adem\u00e1s de contar con un dispensador con 2 divisiones para escurrir cubiertos. Fabricado en material resistente y flexible (Polipropileno), adem\u00e1s de pl\u00e1stico texturizado, reduciendo riesgos y facilitando la limpieza. Practicidad, belleza y dise\u00f1o son las caracter\u00edsticas de la l\u00ednea trium dise\u00f1ada para brindar calidad en la organizaci\u00f3n de su fregadero.<\/p>\n<p><strong data-redactor-tag=\"strong\">Dimensiones:\u00a0<\/strong>400x310x120mm<\/p>\n","protected":false},"excerpt":{"rendered":"<p>Caracter\u00edsticas: Tu hogar con un toque de practicidad. El Escurridor de Vajilla Trium es perfecto para quienes buscan funcionalidad y belleza sobre el fregadero, ya que permite organizar el fregadero de manera vers\u00e1til, adem\u00e1s de optimizar el espacio en el ambiente. Con un dise\u00f1o minimalista, combina con todo tipo de cocinas o balcones gourmet. Con [&#8230;]\n","protected":false},"featured_media":952,"template":"","meta":[],"product_brand":[63],"product_cat":[19,26],"product_tag":[],"class_list":{"0":"post-951","1":"product","2":"type-product","3":"status-publish","4":"has-post-thumbnail","6":"product_brand-ou","7":"product_cat-cocina","8":"product_cat-ou","10":"first","11":"instock","12":"taxable","13":"shipping-taxable","14":"purchasable","15":"product-type-simple"},"jetpack-related-posts":[],"jetpack_sharing_enabled":true,"_links":{"self":[{"href":"https:\/\/depex.com.uy\/index.php?rest_route=\/wp\/v2\/product\/951","targetHints":{"allow":["GET"]}}],"collection":[{"href":"https:\/\/depex.com.uy\/index.php?rest_route=\/wp\/v2\/product"}],"about":[{"href":"https:\/\/depex.com.uy\/index.php?rest_route=\/wp\/v2\/types\/product"}],"wp:featuredmedia":[{"embeddable":true,"href":"https:\/\/depex.com.uy\/index.php?rest_route=\/wp\/v2\/media\/952"}],"wp:attachment":[{"href":"https:\/\/depex.com.uy\/index.php?rest_route=%2Fwp%2Fv2%2Fmedia&parent=951"}],"wp:term":[{"taxonomy":"product_brand","embeddable":true,"href":"https:\/\/depex.com.uy\/index.php?rest_route=%2Fwp%2Fv2%2Fproduct_brand&post=951"},{"taxonomy":"product_cat","embeddable":true,"href":"https:\/\/depex.com.uy\/index.php?rest_route=%2Fwp%2Fv2%2Fproduct_cat&post=951"},{"taxonomy":"product_tag","embeddable":true,"href":"https:\/\/depex.com.uy\/index.php?rest_route=%2Fwp%2Fv2%2Fproduct_tag&post=951"}],"curies":[{"name":"wp","href":"https:\/\/api.w.org\/{rel}","templated":true}]}}