{"id":960,"date":"2023-05-29T18:48:20","date_gmt":"2023-05-29T21:48:20","guid":{"rendered":"https:\/\/depex.com.uy\/?post_type=product&#038;p=960"},"modified":"2025-02-18T16:12:51","modified_gmt":"2025-02-18T19:12:51","slug":"escurridor-de-pastas-28cm-ou-gusto-blanco","status":"publish","type":"product","link":"https:\/\/depex.com.uy\/?product=escurridor-de-pastas-28cm-ou-gusto-blanco","title":{"rendered":"Colador de Pastas 28cm OU \u00abGusto\u00bb (Blanco)"},"content":{"rendered":"<p><strong data-redactor-tag=\"strong\">Descripci\u00f3n:<\/strong><\/p>\n<p>El escurridor multiusos Gusto de 28 cm es imprescindible para cualquier amante de la cocina. La l\u00ednea fue desarrollada priorizando el cuidado con su rutina, trayendo simplicidad y preparaci\u00f3n m\u00e1s funcional, por eso, es producida en pl\u00e1stico no t\u00f3xico (polipropileno) y esquinas redondeadas que facilitan la limpieza. Practicidad, funcionalidad y belleza son las principales caracter\u00edsticas de la l\u00ednea Gusto que la convierten en tu principal aliada a la hora de cocinar.<\/p>\n<p><strong data-redactor-tag=\"strong\">Recomendaciones de uso:<\/strong><\/p>\n<ul>\n<li>Este producto es LIBRE de BPA, no se mete en el congelador ni en el microondas<\/li>\n<li>Se sugiere limpiarlo con jab\u00f3n neutro y una esponja suave, evitando productos abrasivos en el proceso de limpieza.<\/li>\n<\/ul>\n<p><strong data-redactor-tag=\"strong\">Dimensiones:<\/strong>\u00a0280x280x130mm<\/p>\n","protected":false},"excerpt":{"rendered":"<p>Descripci\u00f3n: El escurridor multiusos Gusto de 28 cm es imprescindible para cualquier amante de la cocina. La l\u00ednea fue desarrollada priorizando el cuidado con su rutina, trayendo simplicidad y preparaci\u00f3n m\u00e1s funcional, por eso, es producida en pl\u00e1stico no t\u00f3xico (polipropileno) y esquinas redondeadas que facilitan la limpieza. Practicidad, funcionalidad y belleza son las principales [&#8230;]\n","protected":false},"featured_media":961,"template":"","meta":[],"product_brand":[63],"product_cat":[19,26],"product_tag":[],"class_list":{"0":"post-960","1":"product","2":"type-product","3":"status-publish","4":"has-post-thumbnail","6":"product_brand-ou","7":"product_cat-cocina","8":"product_cat-ou","10":"first","11":"instock","12":"taxable","13":"shipping-taxable","14":"purchasable","15":"product-type-simple"},"jetpack-related-posts":[],"jetpack_sharing_enabled":true,"_links":{"self":[{"href":"https:\/\/depex.com.uy\/index.php?rest_route=\/wp\/v2\/product\/960","targetHints":{"allow":["GET"]}}],"collection":[{"href":"https:\/\/depex.com.uy\/index.php?rest_route=\/wp\/v2\/product"}],"about":[{"href":"https:\/\/depex.com.uy\/index.php?rest_route=\/wp\/v2\/types\/product"}],"wp:featuredmedia":[{"embeddable":true,"href":"https:\/\/depex.com.uy\/index.php?rest_route=\/wp\/v2\/media\/961"}],"wp:attachment":[{"href":"https:\/\/depex.com.uy\/index.php?rest_route=%2Fwp%2Fv2%2Fmedia&parent=960"}],"wp:term":[{"taxonomy":"product_brand","embeddable":true,"href":"https:\/\/depex.com.uy\/index.php?rest_route=%2Fwp%2Fv2%2Fproduct_brand&post=960"},{"taxonomy":"product_cat","embeddable":true,"href":"https:\/\/depex.com.uy\/index.php?rest_route=%2Fwp%2Fv2%2Fproduct_cat&post=960"},{"taxonomy":"product_tag","embeddable":true,"href":"https:\/\/depex.com.uy\/index.php?rest_route=%2Fwp%2Fv2%2Fproduct_tag&post=960"}],"curies":[{"name":"wp","href":"https:\/\/api.w.org\/{rel}","templated":true}]}}