{"id":970,"date":"2023-05-29T19:11:06","date_gmt":"2023-05-29T22:11:06","guid":{"rendered":"https:\/\/depex.com.uy\/?post_type=product&#038;p=970"},"modified":"2025-02-18T16:12:51","modified_gmt":"2025-02-18T19:12:51","slug":"escurridor-de-cubiertos-ou-trium-blanco","status":"publish","type":"product","link":"https:\/\/depex.com.uy\/?product=escurridor-de-cubiertos-ou-trium-blanco","title":{"rendered":"Escurridor de Cubiertos OU \u00abTrium\u00bb (Blanco)"},"content":{"rendered":"<p><strong data-redactor-tag=\"strong\">Caracter\u00edsticas:<\/strong><\/p>\n<p>Tu hogar con un toque de practicidad<\/p>\n<div>El Escurridor de Cubiertos Trium es perfecto para quienes buscan funcionalidad y belleza sobre el fregadero, ya que permite organizar el fregadero de forma vers\u00e1til adem\u00e1s de optimizar el espacio del entorno. Con un dise\u00f1o minimalista, combina con todo tipo de cocinas gourmet o balcones.<\/div>\n<div>El escurridor tiene un dep\u00f3sito interno que evita que el agua se escurra sobre el fregadero. Adem\u00e1s de que la partici\u00f3n interna es extra\u00edble, no permite que los elementos almacenados entren en contacto con el agua. Fabricado en material resistente y flexible (Polipropileno), adem\u00e1s de que el pl\u00e1stico est\u00e1 texturizado, reduciendo riesgos y facilitando la higiene.<\/div>\n<div>Practicidad, belleza y dise\u00f1o son las caracter\u00edsticas de la l\u00ednea trium dise\u00f1ada para brindar calidad en la organizaci\u00f3n de su fregadero.<\/div>\n<div><strong data-redactor-tag=\"strong\">Dimensiones:\u00a0<\/strong>12.5 x 9 x 12,5 cm<\/div>\n<p><strong data-redactor-tag=\"strong\">Peso:<\/strong>\u00a0130g<\/p>\n","protected":false},"excerpt":{"rendered":"<p>Caracter\u00edsticas: Tu hogar con un toque de practicidad El Escurridor de Cubiertos Trium es perfecto para quienes buscan funcionalidad y belleza sobre el fregadero, ya que permite organizar el fregadero de forma vers\u00e1til adem\u00e1s de optimizar el espacio del entorno. Con un dise\u00f1o minimalista, combina con todo tipo de cocinas gourmet o balcones. El escurridor [&#8230;]\n","protected":false},"featured_media":971,"template":"","meta":[],"product_brand":[63],"product_cat":[19,26],"product_tag":[],"class_list":{"0":"post-970","1":"product","2":"type-product","3":"status-publish","4":"has-post-thumbnail","6":"product_brand-ou","7":"product_cat-cocina","8":"product_cat-ou","10":"first","11":"instock","12":"taxable","13":"shipping-taxable","14":"purchasable","15":"product-type-simple"},"jetpack-related-posts":[],"jetpack_sharing_enabled":true,"_links":{"self":[{"href":"https:\/\/depex.com.uy\/index.php?rest_route=\/wp\/v2\/product\/970","targetHints":{"allow":["GET"]}}],"collection":[{"href":"https:\/\/depex.com.uy\/index.php?rest_route=\/wp\/v2\/product"}],"about":[{"href":"https:\/\/depex.com.uy\/index.php?rest_route=\/wp\/v2\/types\/product"}],"wp:featuredmedia":[{"embeddable":true,"href":"https:\/\/depex.com.uy\/index.php?rest_route=\/wp\/v2\/media\/971"}],"wp:attachment":[{"href":"https:\/\/depex.com.uy\/index.php?rest_route=%2Fwp%2Fv2%2Fmedia&parent=970"}],"wp:term":[{"taxonomy":"product_brand","embeddable":true,"href":"https:\/\/depex.com.uy\/index.php?rest_route=%2Fwp%2Fv2%2Fproduct_brand&post=970"},{"taxonomy":"product_cat","embeddable":true,"href":"https:\/\/depex.com.uy\/index.php?rest_route=%2Fwp%2Fv2%2Fproduct_cat&post=970"},{"taxonomy":"product_tag","embeddable":true,"href":"https:\/\/depex.com.uy\/index.php?rest_route=%2Fwp%2Fv2%2Fproduct_tag&post=970"}],"curies":[{"name":"wp","href":"https:\/\/api.w.org\/{rel}","templated":true}]}}